{"id":15,"date":"2022-02-22T09:25:01","date_gmt":"2022-02-22T09:25:01","guid":{"rendered":"https:\/\/www.buntes-meissen.de\/?page_id=15"},"modified":"2022-02-22T09:59:22","modified_gmt":"2022-02-22T09:59:22","slug":"ueber-uns","status":"publish","type":"page","link":"https:\/\/www.buntes-meissen.de\/index.php\/ueber-uns\/","title":{"rendered":"\u00dcber uns"},"content":{"rendered":"\n<p>Am 25.07.2013 sollte auf den Elbwiesen in Mei\u00dfen eine nicht angemeldete Veranstaltung der Reichsb\u00fcrgerbewegung stattfinden. Daraufhin trafen sich zum ersten Mal B\u00fcrger und Mitglieder der verschiedenen demokratischen Parteien aus Meissen im gr\u00fcnen B\u00fcro von Johannes Lichdi. Schnell reifte die Idee am selben Tag der angek\u00fcndigten Veranstaltung ein &#8222;Fest der Vielfalt&#8220; stattfinden zu lassen. Seit diesem Tag existiert das B\u00fcndnis Buntes Mei\u00dfen .Wir verstehen uns als eine Gemeinschaft von B\u00fcrgerinnen und B\u00fcrgern, die<\/p>\n\n\n\n<ul class=\"wp-block-list\"><li>das Grundgesetz mit seinen freiheitlich demokratischen und rechtsstaatlichen Werten anerkennt, aktiv verteidigt<\/li><li>die Vielfalt der hier lebenden Menschen achtet, respektiert und sich f\u00fcr diese einsetzt.<\/li><\/ul>\n\n\n\n<p>Wir lehnen jegliche Gewalt als Mittel der politischen Auseinandersetzung ab. Die W\u00fcrde des Menschen ist unantastbar.<\/p>\n","protected":false},"excerpt":{"rendered":"<p>Am 25.07.2013 sollte auf den Elbwiesen in Mei\u00dfen eine nicht angemeldete Veranstaltung der Reichsb\u00fcrgerbewegung stattfinden. Daraufhin trafen sich zum ersten Mal B\u00fcrger und Mitglieder der verschiedenen demokratischen Parteien aus Meissen im gr\u00fcnen B\u00fcro von Johannes Lichdi. Schnell reifte die Idee am selben Tag der angek\u00fcndigten Veranstaltung ein &#8222;Fest der Vielfalt&#8220; stattfinden zu lassen. Seit diesem&#8230; <\/p>\n<div class=\"link-more\"><a href=\"https:\/\/www.buntes-meissen.de\/index.php\/ueber-uns\/\">Weiterlesen<\/a><\/div>\n","protected":false},"author":1,"featured_media":0,"parent":0,"menu_order":2,"comment_status":"closed","ping_status":"closed","template":"","meta":{"pgc_sgb_lightbox_settings":"","footnotes":""},"class_list":["post-15","page","type-page","status-publish","hentry"],"_links":{"self":[{"href":"https:\/\/www.buntes-meissen.de\/index.php\/wp-json\/wp\/v2\/pages\/15","targetHints":{"allow":["GET"]}}],"collection":[{"href":"https:\/\/www.buntes-meissen.de\/index.php\/wp-json\/wp\/v2\/pages"}],"about":[{"href":"https:\/\/www.buntes-meissen.de\/index.php\/wp-json\/wp\/v2\/types\/page"}],"author":[{"embeddable":true,"href":"https:\/\/www.buntes-meissen.de\/index.php\/wp-json\/wp\/v2\/users\/1"}],"replies":[{"embeddable":true,"href":"https:\/\/www.buntes-meissen.de\/index.php\/wp-json\/wp\/v2\/comments?post=15"}],"version-history":[{"count":2,"href":"https:\/\/www.buntes-meissen.de\/index.php\/wp-json\/wp\/v2\/pages\/15\/revisions"}],"predecessor-version":[{"id":41,"href":"https:\/\/www.buntes-meissen.de\/index.php\/wp-json\/wp\/v2\/pages\/15\/revisions\/41"}],"wp:attachment":[{"href":"https:\/\/www.buntes-meissen.de\/index.php\/wp-json\/wp\/v2\/media?parent=15"}],"curies":[{"name":"wp","href":"https:\/\/api.w.org\/{rel}","templated":true}]}}