{"id":860,"date":"2024-12-05T08:58:14","date_gmt":"2024-12-05T08:58:14","guid":{"rendered":"https:\/\/www.buntes-meissen.de\/?page_id=860"},"modified":"2025-10-29T09:56:27","modified_gmt":"2025-10-29T09:56:27","slug":"spenden","status":"publish","type":"page","link":"https:\/\/www.buntes-meissen.de\/index.php\/spenden\/","title":{"rendered":"Spenden"},"content":{"rendered":"\n<h2 class=\"wp-block-heading\"><br>Alles rund um Spenden f\u00fcr Buntes Mei\u00dfen e.V.<\/h2>\n\n\n\n<p>Sie k\u00f6nnen per \u00dcberweisung&nbsp;an unseren Verein spenden. &nbsp;\u00dcberweisen Sie den gew\u00fcnschten Betrag dazu bitte einfach auf das Buntes Mei\u00dfen e.V. Spendenkonto:<\/p>\n\n\n\n<p>Buntes Mei\u00dfen B\u00fcndnis Zivilcourage\u00a0 e.V.<br>Sparkasse Mei\u00dfen<br>IBAN: DE63 8505 5000 0500 1346 34<br>BIC: SOLA DE S1 MEI<\/p>\n\n\n\n<p>Sie ben\u00f6tigen eine Spendenbescheinigung f\u00fcr Ihre Unterlagen? Bei Spenden bis 300 Euro gen\u00fcgt der Nachweis (z.B. f\u00fcrs Finanzamt) als Kontoauszug. Ab Spendengeldern \u00fcber 300 Euro stellen wir Ihnen Spendenquittung (Zuwendungsbest\u00e4tigung) aus. Daf\u00fcr ben\u00f6tigen wir ihren Namen und die Adresse (Direkt bei der \u00dcberweisung angeben oder per E-Mail an uns senden).<\/p>\n","protected":false},"excerpt":{"rendered":"<p>Alles rund um Spenden f\u00fcr Buntes Mei\u00dfen e.V. Sie k\u00f6nnen per \u00dcberweisung&nbsp;an unseren Verein spenden. &nbsp;\u00dcberweisen Sie den gew\u00fcnschten Betrag dazu bitte einfach auf das Buntes Mei\u00dfen e.V. Spendenkonto: Buntes Mei\u00dfen B\u00fcndnis Zivilcourage\u00a0 e.V.Sparkasse Mei\u00dfenIBAN: DE63 8505 5000 0500 1346 34BIC: SOLA DE S1 MEI Sie ben\u00f6tigen eine Spendenbescheinigung f\u00fcr Ihre Unterlagen? Bei Spenden bis&#8230; <\/p>\n<div class=\"link-more\"><a href=\"https:\/\/www.buntes-meissen.de\/index.php\/spenden\/\">Weiterlesen<\/a><\/div>\n","protected":false},"author":1,"featured_media":0,"parent":0,"menu_order":0,"comment_status":"closed","ping_status":"closed","template":"","meta":{"pgc_sgb_lightbox_settings":"","footnotes":""},"class_list":["post-860","page","type-page","status-publish","hentry"],"_links":{"self":[{"href":"https:\/\/www.buntes-meissen.de\/index.php\/wp-json\/wp\/v2\/pages\/860","targetHints":{"allow":["GET"]}}],"collection":[{"href":"https:\/\/www.buntes-meissen.de\/index.php\/wp-json\/wp\/v2\/pages"}],"about":[{"href":"https:\/\/www.buntes-meissen.de\/index.php\/wp-json\/wp\/v2\/types\/page"}],"author":[{"embeddable":true,"href":"https:\/\/www.buntes-meissen.de\/index.php\/wp-json\/wp\/v2\/users\/1"}],"replies":[{"embeddable":true,"href":"https:\/\/www.buntes-meissen.de\/index.php\/wp-json\/wp\/v2\/comments?post=860"}],"version-history":[{"count":2,"href":"https:\/\/www.buntes-meissen.de\/index.php\/wp-json\/wp\/v2\/pages\/860\/revisions"}],"predecessor-version":[{"id":1007,"href":"https:\/\/www.buntes-meissen.de\/index.php\/wp-json\/wp\/v2\/pages\/860\/revisions\/1007"}],"wp:attachment":[{"href":"https:\/\/www.buntes-meissen.de\/index.php\/wp-json\/wp\/v2\/media?parent=860"}],"curies":[{"name":"wp","href":"https:\/\/api.w.org\/{rel}","templated":true}]}}