{"id":883,"date":"2025-02-12T09:46:10","date_gmt":"2025-02-12T09:46:10","guid":{"rendered":"https:\/\/www.buntes-meissen.de\/?page_id=883"},"modified":"2026-01-14T12:28:55","modified_gmt":"2026-01-14T12:28:55","slug":"treff-25","status":"publish","type":"page","link":"https:\/\/www.buntes-meissen.de\/index.php\/treff-25\/","title":{"rendered":"Treff 25"},"content":{"rendered":"\n<figure class=\"wp-block-image size-full\"><img loading=\"lazy\" decoding=\"async\" width=\"2560\" height=\"1811\" src=\"https:\/\/www.buntes-meissen.de\/wp-content\/uploads\/2026\/01\/WOCHENPLAN-verkuerzt_1-scaled.jpg\" alt=\"\" class=\"wp-image-1045\" srcset=\"https:\/\/www.buntes-meissen.de\/wp-content\/uploads\/2026\/01\/WOCHENPLAN-verkuerzt_1-scaled.jpg 2560w, https:\/\/www.buntes-meissen.de\/wp-content\/uploads\/2026\/01\/WOCHENPLAN-verkuerzt_1-300x212.jpg 300w, https:\/\/www.buntes-meissen.de\/wp-content\/uploads\/2026\/01\/WOCHENPLAN-verkuerzt_1-1024x724.jpg 1024w, https:\/\/www.buntes-meissen.de\/wp-content\/uploads\/2026\/01\/WOCHENPLAN-verkuerzt_1-768x543.jpg 768w, https:\/\/www.buntes-meissen.de\/wp-content\/uploads\/2026\/01\/WOCHENPLAN-verkuerzt_1-1536x1086.jpg 1536w, https:\/\/www.buntes-meissen.de\/wp-content\/uploads\/2026\/01\/WOCHENPLAN-verkuerzt_1-2048x1448.jpg 2048w, https:\/\/www.buntes-meissen.de\/wp-content\/uploads\/2026\/01\/WOCHENPLAN-verkuerzt_1-424x300.jpg 424w\" sizes=\"auto, (max-width: 2560px) 100vw, 2560px\" \/><\/figure>\n\n\n\n<p>Im Februar 2025 er\u00f6ffnete am Theaterplatz 4 in der Altstadt von Mei\u00dfen der TREFF25, eine Begegnungsst\u00e4tte unter dem Dach des B\u00fcndnis Buntes Mei\u00dfen e.V.<\/p>\n\n\n\n<p>An diesem Ort hei\u00dfen wir alle Menschen willkommen, die Austausch und Begegnung suchen.<br>Vormittags gibt es vor allem Angebote f\u00fcr Menschen, die die deutsche Sprache erlernen m\u00f6chten. Mit unseren \u201eSprachwerkst\u00e4tten 1+2\u201c konzentrieren wir uns auf die Vermittlung der deutschen Grammatik, Wortschatz, aber auch Aussprache und weitere Sprachkompetenzen, die wichtig f\u00fcr das Bestreiten des Alltags sind.<\/p>\n\n\n\n<p>Nachmittags lenken wir den Fokus auf die Anwendung unserer sch\u00f6nen Sprache und \u00f6ffnen die R\u00e4ume des <strong>TREFF25 <\/strong>mit einem abwechslungsreichen Programm zur Freizeitgestaltung, wie zum Beispiel Kreativzeit, Kaffeetreff, Feierabendtreff, Spieltreff oder Hausaufgabenbetreuung. Alle unsere Angebote stehen ganz besonders allen Mei\u00dfner*innen offen, denn das Herzst\u00fcck des <strong>TREFF25 <\/strong>ist <strong>BEGEGNUNG<\/strong>. Somit m\u00f6chten wir unsere R\u00e4ume auch f\u00fcr weitere Bespielung durch Ehrenamtliche und andere Gruppen, die dem Gemeinwohl dienen, zur Nutzung zur Verf\u00fcgung stellen. Regelm\u00e4\u00dfig sind Kulturveranstaltungen in den fr\u00fchen Abendstunden geplant. Sprecht uns einfach direkt an!<\/p>\n\n\n\n<p>Einmal monatlich unternehmen wir einen Ausflug in und um Mei\u00dfen. Dieser dient dazu zu zeigen, in welch bedeutender Stadt\/Region wir leben \u2013 Mei\u00dfen als Wiege Sachsens, mit dem \u00e4ltesten Schloss Deutschlands und der Manufaktur des ersten europ\u00e4ischen Porzellans. Diese Ausfl\u00fcge sind wie alle anderen Angebote kostenlos und jeder kann sich daf\u00fcr anmelden (evtl. begrenzte Teilnehmerzahl).<br><br>Das Projekt <strong>TREFF25 <\/strong>ergeht als Sprach-Lern-Raum aus der F\u00f6rderrichtlinie des S\u00e4chsischen Staatsministeriums f\u00fcr Soziales und Gesellschaftlichen Zusammenhalt zur F\u00f6rderung der Integration und Partizipation von Menschen mit Einwanderungsgeschichte und der St\u00e4rkung des gesellschaftlichen Zusammenhalts (F\u00f6rderrichtlinie Integrative Ma\u00dfnahmen \u2013 F\u00f6rders\u00e4ule Ec).<\/p>\n\n\n\n<p>Zu erreichen sind wir mindestens zu den regul\u00e4ren <strong>\u00d6ffnungszeiten<\/strong>:<br><strong>Di, Mi, Do 10 \u2013 15 Uhr<\/strong><br>Au\u00dferdem per E-Mail: <strong>treff25@buntes-meissen.de<\/strong><br>oder per WhatsApp\/SMS: <strong>015563129911<\/strong><\/p>\n\n\n\n<figure class=\"wp-block-image size-large\"><img loading=\"lazy\" decoding=\"async\" width=\"1024\" height=\"319\" src=\"https:\/\/www.buntes-meissen.de\/wp-content\/uploads\/2025\/02\/darstellungseinheit-logos-intm-600dpi-002-1024x319.jpg\" alt=\"\" class=\"wp-image-886\" srcset=\"https:\/\/www.buntes-meissen.de\/wp-content\/uploads\/2025\/02\/darstellungseinheit-logos-intm-600dpi-002-1024x319.jpg 1024w, https:\/\/www.buntes-meissen.de\/wp-content\/uploads\/2025\/02\/darstellungseinheit-logos-intm-600dpi-002-300x93.jpg 300w, https:\/\/www.buntes-meissen.de\/wp-content\/uploads\/2025\/02\/darstellungseinheit-logos-intm-600dpi-002-768x239.jpg 768w, https:\/\/www.buntes-meissen.de\/wp-content\/uploads\/2025\/02\/darstellungseinheit-logos-intm-600dpi-002-1536x478.jpg 1536w, https:\/\/www.buntes-meissen.de\/wp-content\/uploads\/2025\/02\/darstellungseinheit-logos-intm-600dpi-002-2048x637.jpg 2048w, https:\/\/www.buntes-meissen.de\/wp-content\/uploads\/2025\/02\/darstellungseinheit-logos-intm-600dpi-002-600x187.jpg 600w\" sizes=\"auto, (max-width: 1024px) 100vw, 1024px\" \/><\/figure>\n","protected":false},"excerpt":{"rendered":"<p>Im Februar 2025 er\u00f6ffnete am Theaterplatz 4 in der Altstadt von Mei\u00dfen der TREFF25, eine Begegnungsst\u00e4tte unter dem Dach des B\u00fcndnis Buntes Mei\u00dfen e.V. An diesem Ort hei\u00dfen wir alle Menschen willkommen, die Austausch und Begegnung suchen.Vormittags gibt es vor allem Angebote f\u00fcr Menschen, die die deutsche Sprache erlernen m\u00f6chten. Mit unseren \u201eSprachwerkst\u00e4tten 1+2\u201c konzentrieren&#8230; <\/p>\n<div class=\"link-more\"><a href=\"https:\/\/www.buntes-meissen.de\/index.php\/treff-25\/\">Weiterlesen<\/a><\/div>\n","protected":false},"author":1,"featured_media":0,"parent":0,"menu_order":0,"comment_status":"closed","ping_status":"closed","template":"","meta":{"pgc_sgb_lightbox_settings":"","footnotes":""},"class_list":["post-883","page","type-page","status-publish","hentry"],"_links":{"self":[{"href":"https:\/\/www.buntes-meissen.de\/index.php\/wp-json\/wp\/v2\/pages\/883","targetHints":{"allow":["GET"]}}],"collection":[{"href":"https:\/\/www.buntes-meissen.de\/index.php\/wp-json\/wp\/v2\/pages"}],"about":[{"href":"https:\/\/www.buntes-meissen.de\/index.php\/wp-json\/wp\/v2\/types\/page"}],"author":[{"embeddable":true,"href":"https:\/\/www.buntes-meissen.de\/index.php\/wp-json\/wp\/v2\/users\/1"}],"replies":[{"embeddable":true,"href":"https:\/\/www.buntes-meissen.de\/index.php\/wp-json\/wp\/v2\/comments?post=883"}],"version-history":[{"count":15,"href":"https:\/\/www.buntes-meissen.de\/index.php\/wp-json\/wp\/v2\/pages\/883\/revisions"}],"predecessor-version":[{"id":1047,"href":"https:\/\/www.buntes-meissen.de\/index.php\/wp-json\/wp\/v2\/pages\/883\/revisions\/1047"}],"wp:attachment":[{"href":"https:\/\/www.buntes-meissen.de\/index.php\/wp-json\/wp\/v2\/media?parent=883"}],"curies":[{"name":"wp","href":"https:\/\/api.w.org\/{rel}","templated":true}]}}